{"id":15,"date":"2022-03-04T10:54:32","date_gmt":"2022-03-04T10:54:32","guid":{"rendered":"https:\/\/hotelandi.al\/?page_id=15"},"modified":"2024-07-26T08:20:54","modified_gmt":"2024-07-26T08:20:54","slug":"home","status":"publish","type":"page","link":"https:\/\/hotelandi.al\/","title":{"rendered":"Home"},"content":{"rendered":"<div class=\"wpb-content-wrapper\"><p>[vc_row css=&#8221;.vc_custom_1646911215878{padding-top: 30px !important;padding-bottom: 40px !important;}&#8221;][vc_column width=&#8221;3\/5&#8243;][vc_single_image image=&#8221;40&#8243; img_size=&#8221;full&#8221; style=&#8221;vc_box_shadow_border&#8221; css=&#8221;.vc_custom_1646909661071{padding-top: 45px !important;}&#8221;][\/vc_column][vc_column css_animation=&#8221;fadeIn&#8221; width=&#8221;2\/5&#8243;][vc_empty_space height=&#8221;30&#8243;][vc_custom_heading text=&#8221;About Us&#8221; use_theme_fonts=&#8221;yes&#8221; css=&#8221;.vc_custom_1646911221535{padding-top: 55px !important;padding-bottom: 25px !important;}&#8221;][vc_column_text]<\/p>\n<p style=\"text-align: left;\">Hotel Andi is 1 minute walk from the beach. Located in Durr\u00ebs, a few steps from Shk\u00ebmbi i Kavaj\u00ebs Beach, around a 5-minute walk from Golem Beach, and 1.9 km away from Durres Beach. Hotel provides accommodations with a restaurant, free private parking, a bar and a private beach area.<\/p>\n<p style=\"text-align: left;\">At the hotel each room is equipped with air conditioning, free WIFI, a desk, a flat-screen TV, a private bathroom, bed linen, towels and a balcony with a sea view. Guest rooms include a closet. The property has a 24-hour front desk, luggage storage space and currency exchange for guests.<\/p>\n<p style=\"text-align: left;\">A continental breakfast is available daily at Hotel Andi.<\/p>\n<p>[\/vc_column_text][vc_column_text][\/vc_column_text][\/vc_column][\/vc_row][vc_row bg_type=&#8221;bg_color&#8221; bg_override=&#8221;ex-full&#8221; bg_color_value=&#8221;#f9f9f9&#8243; css=&#8221;.vc_custom_1646911650476{padding-top: 40px !important;padding-bottom: 80px !important;}&#8221;][vc_column][vc_row_inner][vc_column_inner][vc_custom_heading text=&#8221;Hotel Andi&#8221; font_container=&#8221;tag:h3|text_align:center|color:%23c9a96a&#8221; google_fonts=&#8221;font_family:Dynalight%3Aregular|font_style:400%20regular%3A400%3Anormal&#8221;][vc_custom_heading text=&#8221;Our Rooms&#8221; font_container=&#8221;tag:h2|text_align:center&#8221; use_theme_fonts=&#8221;yes&#8221;][vc_column_text][\/vc_column_text][vc_empty_space height=&#8221;30&#8243;][\/vc_column_inner][\/vc_row_inner][vc_row_inner][vc_column_inner width=&#8221;1\/3&#8243;]<div class=\"ult-content-box-container box_class\" >\t\t<div class=\"ult-content-box\" style=\"background-color:#ffffff;box-shadow: px px px px ;padding-bottom:10px;-webkit-transition: all 50ms ease;-moz-transition: all 50ms ease;-ms-transition: all 50ms ease;-o-transition: all 50ms ease;transition: all 50ms ease;\"  data-hover_box_shadow=\"none\"     data-bg=\"#ffffff\" >[vc_single_image image=&#8221;46&#8243; img_size=&#8221;full&#8221;][vc_custom_heading text=&#8221;Double Room with Balcony Sea View&#8221; font_container=&#8221;tag:h3|font_size:18|text_align:left&#8221; use_theme_fonts=&#8221;yes&#8221; css=&#8221;.vc_custom_1646911324240{padding-left: 20px !important;}&#8221;][vc_column_text css=&#8221;.vc_custom_1646901932831{padding-left: 20px !important;}&#8221;]<\/p>\n<p style=\"text-align: left;\">This double room has a balcony, mini-bar and tile\/marble floor.<\/p>\n<p>[\/vc_column_text][vc_btn title=&#8221;Details&#8221; style=&#8221;outline-custom&#8221; outline_custom_color=&#8221;#c9a96a&#8221; outline_custom_hover_background=&#8221;#c9a96a&#8221; outline_custom_hover_text=&#8221;#ffffff&#8221; css=&#8221;.vc_custom_1647247359630{padding-left: 20px !important;}&#8221; link=&#8221;url:https%3A%2F%2Fhotelandi.al%2Fdouble-room%2F|title:Double%20Room%20with%20Balcony%20Side%20Sea%20View&#8221;]\t\t<\/div><\/div>[\/vc_column_inner][vc_column_inner width=&#8221;1\/3&#8243;]<div class=\"ult-content-box-container box_class\" >\t\t<div class=\"ult-content-box\" style=\"box-shadow: px px px px none;-webkit-transition: all 700ms ease;-moz-transition: all 700ms ease;-ms-transition: all 700ms ease;-o-transition: all 700ms ease;transition: all 700ms ease;\"  data-hover_box_shadow=\"none\"    >[vc_single_image image=&#8221;64&#8243; img_size=&#8221;full&#8221;][vc_custom_heading text=&#8221;Triple Room with Balcony Sea View&#8221; font_container=&#8221;tag:h3|font_size:18|text_align:left&#8221; use_theme_fonts=&#8221;yes&#8221; css=&#8221;.vc_custom_1646911330176{padding-left: 20px !important;}&#8221;][vc_column_text css=&#8221;.vc_custom_1646901877838{padding-left: 20px !important;}&#8221;]<\/p>\n<p style=\"text-align: left;\">This triple room features a balcony, tile\/marble floor and cable TV.<\/p>\n<p>[\/vc_column_text][vc_btn title=&#8221;Details&#8221; style=&#8221;outline-custom&#8221; outline_custom_color=&#8221;#c9a96a&#8221; outline_custom_hover_background=&#8221;#c9a96a&#8221; outline_custom_hover_text=&#8221;#ffffff&#8221; css=&#8221;.vc_custom_1647247255605{padding-bottom: 9px !important;padding-left: 20px !important;}&#8221; link=&#8221;url:https%3A%2F%2Fhotelandi.al%2Ftriple-room%2F|title:Triple%20Room%20with%20Balcony%20Sea%20View&#8221;]\t\t<\/div><\/div>[\/vc_column_inner][vc_column_inner width=&#8221;1\/3&#8243;]<div class=\"ult-content-box-container box_class\" >\t\t<div class=\"ult-content-box\" style=\"box-shadow: px px px px none;-webkit-transition: all 700ms ease;-moz-transition: all 700ms ease;-ms-transition: all 700ms ease;-o-transition: all 700ms ease;transition: all 700ms ease;\"  data-hover_box_shadow=\"none\"    >[vc_single_image image=&#8221;111&#8243; img_size=&#8221;full&#8221;][vc_custom_heading text=&#8221;Quadruple Room with Balcony Sea View&#8221; font_container=&#8221;tag:h3|font_size:18|text_align:left&#8221; use_theme_fonts=&#8221;yes&#8221; css=&#8221;.vc_custom_1646911334904{padding-right: 5px !important;padding-left: 20px !important;}&#8221;][vc_column_text css=&#8221;.vc_custom_1646902259174{padding-right: 15px !important;padding-left: 20px !important;}&#8221;]<\/p>\n<p style=\"text-align: left;\">This quadruple room has a balcony, flat-screen TV and air conditioning.<\/p>\n<p>[\/vc_column_text][vc_btn title=&#8221;Details&#8221; style=&#8221;outline-custom&#8221; outline_custom_color=&#8221;#c9a96a&#8221; outline_custom_hover_background=&#8221;#c9a96a&#8221; outline_custom_hover_text=&#8221;#ffffff&#8221; css=&#8221;.vc_custom_1647247412854{padding-bottom: 9px !important;padding-left: 20px !important;}&#8221; link=&#8221;url:https%3A%2F%2Fhotelandi.al%2Fquadruple-room%2F|title:Quadruple%20Room%20with%20Balcony%20Sea%20Side%20View&#8221;]\t\t<\/div><\/div>[\/vc_column_inner][\/vc_row_inner][\/vc_column][\/vc_row][vc_row css=&#8221;.vc_custom_1646911627872{padding-top: 40px !important;padding-bottom: 40px !important;}&#8221;][vc_column][vc_custom_heading text=&#8221;Hotel Andi&#8221; font_container=&#8221;tag:h3|text_align:center|color:%23c9a96a&#8221; google_fonts=&#8221;font_family:Dynalight%3Aregular|font_style:400%20regular%3A400%3Anormal&#8221;][vc_custom_heading text=&#8221;Our Facilities&#8221; font_container=&#8221;tag:h2|text_align:center&#8221; use_theme_fonts=&#8221;yes&#8221;][vc_empty_space height=&#8221;30&#8243;][vc_row_inner][vc_column_inner width=&#8221;1\/4&#8243;]<div class=\"aio-icon-component   i_class style_1\"><div id=\"Info-box-wrap-8538\" class=\"aio-icon-box top-icon\" style=\"\"  ><div class=\"aio-icon-top\"><div class=\"ult-just-icon-wrapper  \"><div class=\"align-icon\" style=\"text-align:center;\">\n<div class=\"aio-icon-img \" style=\"font-size:60px;display:inline-block;\" >\n\t<img decoding=\"async\" class=\"img-icon\" alt=\"null\" src=\"https:\/\/hotelandi.al\/wp-content\/uploads\/2022\/03\/img_546538-1.png\"\/>\n<\/div><\/div><\/div><\/div><div class=\"aio-icon-header\" ><h3 class=\"aio-icon-title ult-responsive\"  data-ultimate-target='#Info-box-wrap-8538 .aio-icon-title'  data-responsive-json-new='{\"font-size\":\"\",\"line-height\":\"\"}'  style=\"\">Private beach area<\/h3><\/div> <!-- header --><\/div> <!-- aio-icon-box --><\/div> <!-- aio-icon-component -->[\/vc_column_inner][vc_column_inner width=&#8221;1\/4&#8243;]<div class=\"aio-icon-component   i_class style_1\"><div id=\"Info-box-wrap-1182\" class=\"aio-icon-box top-icon\" style=\"\"  ><div class=\"aio-icon-top\"><div class=\"ult-just-icon-wrapper  \"><div class=\"align-icon\" style=\"text-align:center;\">\n<div class=\"aio-icon-img \" style=\"font-size:60px;display:inline-block;\" >\n\t<img decoding=\"async\" class=\"img-icon\" alt=\"null\" src=\"https:\/\/hotelandi.al\/wp-content\/uploads\/2022\/03\/img_19587-1.png\"\/>\n<\/div><\/div><\/div><\/div><div class=\"aio-icon-header\" ><h3 class=\"aio-icon-title ult-responsive\"  data-ultimate-target='#Info-box-wrap-1182 .aio-icon-title'  data-responsive-json-new='{\"font-size\":\"\",\"line-height\":\"\"}'  style=\"\">Restaurant<\/h3><\/div> <!-- header --><\/div> <!-- aio-icon-box --><\/div> <!-- aio-icon-component -->[\/vc_column_inner][vc_column_inner width=&#8221;1\/4&#8243;]<div class=\"aio-icon-component   i_class style_1\"><div id=\"Info-box-wrap-3213\" class=\"aio-icon-box top-icon\" style=\"\"  ><div class=\"aio-icon-top\"><div class=\"ult-just-icon-wrapper  \"><div class=\"align-icon\" style=\"text-align:center;\">\n<div class=\"aio-icon-img \" style=\"font-size:60px;display:inline-block;\" >\n\t<img decoding=\"async\" class=\"img-icon\" alt=\"null\" src=\"https:\/\/hotelandi.al\/wp-content\/uploads\/2022\/03\/bar-606-1106181-1-1.png\"\/>\n<\/div><\/div><\/div><\/div><div class=\"aio-icon-header\" ><h3 class=\"aio-icon-title ult-responsive\"  data-ultimate-target='#Info-box-wrap-3213 .aio-icon-title'  data-responsive-json-new='{\"font-size\":\"\",\"line-height\":\"\"}'  style=\"\">Bar<\/h3><\/div> <!-- header --><\/div> <!-- aio-icon-box --><\/div> <!-- aio-icon-component -->[\/vc_column_inner][vc_column_inner width=&#8221;1\/4&#8243;]<div class=\"aio-icon-component   i_class style_1\"><div id=\"Info-box-wrap-7098\" class=\"aio-icon-box top-icon\" style=\"\"  ><div class=\"aio-icon-top\"><div class=\"ult-just-icon-wrapper  \"><div class=\"align-icon\" style=\"text-align:center;\">\n<div class=\"aio-icon-img \" style=\"font-size:60px;display:inline-block;\" >\n\t<img decoding=\"async\" class=\"img-icon\" alt=\"null\" src=\"https:\/\/hotelandi.al\/wp-content\/uploads\/2022\/03\/4162840-1.png\"\/>\n<\/div><\/div><\/div><\/div><div class=\"aio-icon-header\" ><h3 class=\"aio-icon-title ult-responsive\"  data-ultimate-target='#Info-box-wrap-7098 .aio-icon-title'  data-responsive-json-new='{\"font-size\":\"\",\"line-height\":\"\"}'  style=\"\">Free parking<\/h3><\/div> <!-- header --><\/div> <!-- aio-icon-box --><\/div> <!-- aio-icon-component -->[\/vc_column_inner][\/vc_row_inner][vc_row_inner][vc_column_inner][vc_separator style=&#8221;shadow&#8221;][\/vc_column_inner][\/vc_row_inner][vc_row_inner][vc_column_inner width=&#8221;1\/4&#8243;]<div class=\"aio-icon-component   i_class style_1\"><div id=\"Info-box-wrap-2041\" class=\"aio-icon-box top-icon\" style=\"\"  ><div class=\"aio-icon-top\"><div class=\"ult-just-icon-wrapper  \"><div class=\"align-icon\" style=\"text-align:center;\">\n<div class=\"aio-icon-img \" style=\"font-size:60px;display:inline-block;\" >\n\t<img decoding=\"async\" class=\"img-icon\" alt=\"null\" src=\"https:\/\/hotelandi.al\/wp-content\/uploads\/2022\/03\/Hotel_No_Smoking_Room_Healthcare-1.png\"\/>\n<\/div><\/div><\/div><\/div><div class=\"aio-icon-header\" ><h3 class=\"aio-icon-title ult-responsive\"  data-ultimate-target='#Info-box-wrap-2041 .aio-icon-title'  data-responsive-json-new='{\"font-size\":\"\",\"line-height\":\"\"}'  style=\"\">Non-smoking rooms<\/h3><\/div> <!-- header --><\/div> <!-- aio-icon-box --><\/div> <!-- aio-icon-component -->[\/vc_column_inner][vc_column_inner width=&#8221;1\/4&#8243;]<div class=\"aio-icon-component   i_class style_1\"><div id=\"Info-box-wrap-2191\" class=\"aio-icon-box top-icon\" style=\"\"  ><div class=\"aio-icon-top\"><div class=\"ult-just-icon-wrapper  \"><div class=\"align-icon\" style=\"text-align:center;\">\n<div class=\"aio-icon-img \" style=\"font-size:60px;display:inline-block;\" >\n\t<img decoding=\"async\" class=\"img-icon\" alt=\"null\" src=\"https:\/\/hotelandi.al\/wp-content\/uploads\/2022\/03\/depositphotos_93523104-stock-illustration-free-wi-fi-icon-1.png\"\/>\n<\/div><\/div><\/div><\/div><div class=\"aio-icon-header\" ><h3 class=\"aio-icon-title ult-responsive\"  data-ultimate-target='#Info-box-wrap-2191 .aio-icon-title'  data-responsive-json-new='{\"font-size\":\"\",\"line-height\":\"\"}'  style=\"\">Free WiFi in all areas<\/h3><\/div> <!-- header --><\/div> <!-- aio-icon-box --><\/div> <!-- aio-icon-component -->[\/vc_column_inner][vc_column_inner width=&#8221;1\/4&#8243;]<div class=\"aio-icon-component   i_class style_1\"><div id=\"Info-box-wrap-4231\" class=\"aio-icon-box top-icon\" style=\"\"  ><div class=\"aio-icon-top\"><div class=\"ult-just-icon-wrapper  \"><div class=\"align-icon\" style=\"text-align:center;\">\n<div class=\"aio-icon-img \" style=\"font-size:70px;display:inline-block;\" >\n\t<img decoding=\"async\" class=\"img-icon\" alt=\"null\" src=\"https:\/\/hotelandi.al\/wp-content\/uploads\/2022\/03\/images-1.png\"\/>\n<\/div><\/div><\/div><\/div><div class=\"aio-icon-header\" ><h3 class=\"aio-icon-title ult-responsive\"  data-ultimate-target='#Info-box-wrap-4231 .aio-icon-title'  data-responsive-json-new='{\"font-size\":\"\",\"line-height\":\"\"}'  style=\"\">Free TV<\/h3><\/div> <!-- header --><\/div> <!-- aio-icon-box --><\/div> <!-- aio-icon-component -->[\/vc_column_inner][vc_column_inner width=&#8221;1\/4&#8243;]<div class=\"aio-icon-component   i_class style_1\"><div id=\"Info-box-wrap-3473\" class=\"aio-icon-box top-icon\" style=\"\"  ><div class=\"aio-icon-top\"><div class=\"ult-just-icon-wrapper  \"><div class=\"align-icon\" style=\"text-align:center;\">\n<div class=\"aio-icon-img \" style=\"font-size:60px;display:inline-block;\" >\n\t<img decoding=\"async\" class=\"img-icon\" alt=\"null\" src=\"https:\/\/hotelandi.al\/wp-content\/uploads\/2022\/03\/1600px_COLOURBOX18485787-1.png\"\/>\n<\/div><\/div><\/div><\/div><div class=\"aio-icon-header\" ><h3 class=\"aio-icon-title ult-responsive\"  data-ultimate-target='#Info-box-wrap-3473 .aio-icon-title'  data-responsive-json-new='{\"font-size\":\"\",\"line-height\":\"\"}'  style=\"\">Airport shuttle<\/h3><\/div> <!-- header --><\/div> <!-- aio-icon-box --><\/div> <!-- aio-icon-component -->[\/vc_column_inner][\/vc_row_inner][\/vc_column][\/vc_row][vc_row full_width=&#8221;stretch_row_content&#8221; bg_type=&#8221;bg_color&#8221; bg_override=&#8221;ex-full&#8221; bg_color_value=&#8221;#f9f9f9&#8243; css=&#8221;.vc_custom_1646911769877{padding-top: 40px !important;padding-bottom: 40px !important;}&#8221;][vc_column][vc_custom_heading text=&#8221;Hotel Andi&#8221; font_container=&#8221;tag:h3|text_align:center|color:%23c9a96a&#8221; google_fonts=&#8221;font_family:Dynalight%3Aregular|font_style:400%20regular%3A400%3Anormal&#8221;][vc_custom_heading text=&#8221;Our Gallery&#8221; font_container=&#8221;tag:h2|text_align:center|color:%23000000&#8243; google_fonts=&#8221;font_family:Roboto%3A100%2C100italic%2C300%2C300italic%2Cregular%2Citalic%2C500%2C500italic%2C700%2C700italic%2C900%2C900italic|font_style:900%20bold%20regular%3A900%3Anormal&#8221;][vc_empty_space height=&#8221;30&#8243;][vc_media_grid element_width=&#8221;2&#8243; grid_id=&#8221;vc_gid:1721981972140-fc2dae8b-ae96-0&#8243; include=&#8221;344,342,340,329,333,318&#8243;][\/vc_column][\/vc_row][vc_row bg_type=&#8221;image&#8221; parallax_style=&#8221;vcpb-default&#8221; bg_image_new=&#8221;id^192|url^https:\/\/hotelandi.al\/wp-content\/uploads\/2022\/03\/bg-footer.png|caption^null|alt^null|title^bg-footer|description^null&#8221; bg_override=&#8221;ex-full&#8221; enable_overlay=&#8221;enable_overlay_value&#8221; overlay_color=&#8221;#0a0a0a&#8221; overlay_pattern_opacity=&#8221;1&#8243; css=&#8221;.vc_custom_1646912208391{padding-top: 60px !important;padding-bottom: 60px !important;}&#8221;][vc_column][vc_custom_heading text=&#8221;Hotel Andi&#8221; font_container=&#8221;tag:h3|text_align:center|color:%23ffffff&#8221; google_fonts=&#8221;font_family:Dynalight%3Aregular|font_style:400%20regular%3A400%3Anormal&#8221;][vc_custom_heading text=&#8221;Contact&#8221; font_container=&#8221;tag:h2|text_align:center|color:%23ffffff&#8221; google_fonts=&#8221;font_family:Roboto%3A100%2C100italic%2C300%2C300italic%2Cregular%2Citalic%2C500%2C500italic%2C700%2C700italic%2C900%2C900italic|font_style:900%20bold%20regular%3A900%3Anormal&#8221;][vc_empty_space height=&#8221;15px&#8221;][vc_custom_heading text=&#8221;For more information do not hesitate to contact us&#8221; font_container=&#8221;tag:h2|font_size:18|text_align:center|color:%23ffffff&#8221; use_theme_fonts=&#8221;yes&#8221; css=&#8221;.vc_custom_1646912251263{padding-left: 20px !important;}&#8221;][vc_empty_space height=&#8221;15&#8243;][vc_btn title=&#8221;Contact Us&#8221; style=&#8221;outline-custom&#8221; outline_custom_color=&#8221;#ffffff&#8221; outline_custom_hover_background=&#8221;#ffffff&#8221; outline_custom_hover_text=&#8221;#c9a96a&#8221; align=&#8221;center&#8221; css=&#8221;.vc_custom_1647247162054{padding-left: 20px !important;}&#8221; link=&#8221;url:https%3A%2F%2Fhotelandi.al%2Fcontact%2F|title:Contact&#8221;][\/vc_column][\/vc_row]<\/p>\n<\/div>","protected":false},"excerpt":{"rendered":"<p>[vc_row css=&#8221;.vc_custom_1646911215878{padding-top: 30px !important;padding-bottom: 40px !important;}&#8221;][vc_column width=&#8221;3\/5&#8243;][vc_single_image image=&#8221;40&#8243; img_size=&#8221;full&#8221; style=&#8221;vc_box_shadow_border&#8221; css=&#8221;.vc_custom_1646909661071{padding-top: 45px !important;}&#8221;][\/vc_column][vc_column css_animation=&#8221;fadeIn&#8221; width=&#8221;2\/5&#8243;][vc_empty_space height=&#8221;30&#8243;][vc_custom_heading text=&#8221;About Us&#8221; use_theme_fonts=&#8221;yes&#8221; css=&#8221;.vc_custom_1646911221535{padding-top: 55px !important;padding-bottom: 25px !important;}&#8221;][vc_column_text] Hotel Andi is 1 minute walk from the beach. Located in Durr\u00ebs, a few steps from Shk\u00ebmbi i Kavaj\u00ebs Beach, around a 5-minute walk from Golem Beach, and 1.9 km away&hellip;<\/p>\n","protected":false},"author":2,"featured_media":0,"parent":0,"menu_order":0,"comment_status":"closed","ping_status":"closed","template":"","meta":{"footnotes":""},"class_list":["post-15","page","type-page","status-publish","hentry","description-off"],"_links":{"self":[{"href":"https:\/\/hotelandi.al\/index.php?rest_route=\/wp\/v2\/pages\/15","targetHints":{"allow":["GET"]}}],"collection":[{"href":"https:\/\/hotelandi.al\/index.php?rest_route=\/wp\/v2\/pages"}],"about":[{"href":"https:\/\/hotelandi.al\/index.php?rest_route=\/wp\/v2\/types\/page"}],"author":[{"embeddable":true,"href":"https:\/\/hotelandi.al\/index.php?rest_route=\/wp\/v2\/users\/2"}],"replies":[{"embeddable":true,"href":"https:\/\/hotelandi.al\/index.php?rest_route=%2Fwp%2Fv2%2Fcomments&post=15"}],"version-history":[{"count":48,"href":"https:\/\/hotelandi.al\/index.php?rest_route=\/wp\/v2\/pages\/15\/revisions"}],"predecessor-version":[{"id":348,"href":"https:\/\/hotelandi.al\/index.php?rest_route=\/wp\/v2\/pages\/15\/revisions\/348"}],"wp:attachment":[{"href":"https:\/\/hotelandi.al\/index.php?rest_route=%2Fwp%2Fv2%2Fmedia&parent=15"}],"curies":[{"name":"wp","href":"https:\/\/api.w.org\/{rel}","templated":true}]}}